{"id":344,"date":"2014-12-03T11:33:21","date_gmt":"2014-12-03T10:33:21","guid":{"rendered":"http:\/\/bcv.nuovimecenati.org\/?page_id=344"},"modified":"2026-01-26T15:45:36","modified_gmt":"2026-01-26T14:45:36","slug":"mission","status":"publish","type":"page","link":"https:\/\/www.nuovimecenati.org\/fr\/mission\/","title":{"rendered":"Mission"},"content":{"rendered":"<p>Constitu\u00e9e en octobre 2005 par les membres fondateurs Luigi Guidobono Cavalchini Garofoli et Susanna Agnelli, la Fondation se propose de renforcer les relations culturelles franco-italiennes dans le domaine de la cr\u00e9ation contemporaine, de soutenir la circulation d\u2019\u0153uvres et d\u2019artistes fran\u00e7ais sur le territoire italien, de participer \u00e0 des projets de coproduction et \u00e0 la diffusion audiovisuelle et t\u00e9l\u00e9visuelle.<\/p>\n<p>Un soutien financier est attribu\u00e9 \u00e0 des institutions culturelles, publiques ou priv\u00e9es, italiennes ou fran\u00e7aises pour des projets impliquant des artistes, connus ou \u00e9mergents, susceptibles de marquer l\u2019actualit\u00e9 culturelle.<\/p>\n<p>En collaboration avec des artistes et des op\u00e9rateurs italiens, son action se concr\u00e9tise dans le secteur des arts visuels, du th\u00e9\u00e2tre, de la musique et de la danse, mais \u00e9galement du cirque, des arts de la rue, du cin\u00e9ma et de l\u2019audiovisuel.<\/p>\n","protected":false},"excerpt":{"rendered":"<p>Constitu\u00e9e en octobre 2005 par les membres fondateurs Luigi Guidobono Cavalchini Garofoli et Susanna Agnelli, la Fondation se propose de renforcer les relations culturelles franco-italiennes dans le domaine de la cr\u00e9ation contemporaine, de soutenir la circulation d\u2019\u0153uvres et d\u2019artistes fran\u00e7ais sur le territoire italien, de participer \u00e0 des projets de coproduction et \u00e0 la diffusion<a class=\"more-link\" href=\"https:\/\/www.nuovimecenati.org\/fr\/mission\/\">Continua<\/a><\/p>\n","protected":false},"author":18,"featured_media":0,"parent":0,"menu_order":0,"comment_status":"closed","ping_status":"closed","template":"","meta":{"_acf_changed":false,"footnotes":""},"class_list":["post-344","page","type-page","status-publish","hentry"],"acf":[],"_links":{"self":[{"href":"https:\/\/www.nuovimecenati.org\/fr\/wp-json\/wp\/v2\/pages\/344","targetHints":{"allow":["GET"]}}],"collection":[{"href":"https:\/\/www.nuovimecenati.org\/fr\/wp-json\/wp\/v2\/pages"}],"about":[{"href":"https:\/\/www.nuovimecenati.org\/fr\/wp-json\/wp\/v2\/types\/page"}],"author":[{"embeddable":true,"href":"https:\/\/www.nuovimecenati.org\/fr\/wp-json\/wp\/v2\/users\/18"}],"replies":[{"embeddable":true,"href":"https:\/\/www.nuovimecenati.org\/fr\/wp-json\/wp\/v2\/comments?post=344"}],"version-history":[{"count":0,"href":"https:\/\/www.nuovimecenati.org\/fr\/wp-json\/wp\/v2\/pages\/344\/revisions"}],"wp:attachment":[{"href":"https:\/\/www.nuovimecenati.org\/fr\/wp-json\/wp\/v2\/media?parent=344"}],"curies":[{"name":"wp","href":"https:\/\/api.w.org\/{rel}","templated":true}]}}