{"id":330,"date":"2014-12-04T10:57:09","date_gmt":"2014-12-04T09:57:09","guid":{"rendered":"http:\/\/bcv.nuovimecenati.org\/?page_id=330"},"modified":"2026-01-26T15:44:15","modified_gmt":"2026-01-26T14:44:15","slug":"archive-projets","status":"publish","type":"page","link":"https:\/\/www.nuovimecenati.org\/fr\/archive-projets\/","title":{"rendered":"Archives des projets"},"content":{"rendered":"<p>Reconnue d\u2019utilit\u00e9 publique en octobre 2005, la Fondation Nuovi Mecenati se propose de favoriser la diffusion de la cr\u00e9ation contemporaine fran\u00e7aise en Italie dans les secteurs du th\u00e9\u00e2tre, de la musique, de la danse, du cirque et des arts de la rue, des arts visuels, du cin\u00e9ma et de l\u2019audiovisuel.<\/p>\n<p>Elle a vocation \u00e0 soutenir des projets relevant de ces secteurs, qui seront pr\u00e9sent\u00e9s au Conseil d\u2019administration de la Fondation.<\/p>\n","protected":false},"excerpt":{"rendered":"<p>Reconnue d\u2019utilit\u00e9 publique en octobre 2005, la Fondation Nuovi Mecenati se propose de favoriser la diffusion de la cr\u00e9ation contemporaine fran\u00e7aise en Italie dans les secteurs du th\u00e9\u00e2tre, de la musique, de la danse, du cirque et des arts de la rue, des arts visuels, du cin\u00e9ma et de l\u2019audiovisuel. Elle a vocation \u00e0 soutenir<a class=\"more-link\" href=\"https:\/\/www.nuovimecenati.org\/fr\/archive-projets\/\">Continua<\/a><\/p>\n","protected":false},"author":18,"featured_media":0,"parent":0,"menu_order":0,"comment_status":"closed","ping_status":"closed","template":"","meta":{"_acf_changed":false,"footnotes":""},"class_list":["post-330","page","type-page","status-publish","hentry"],"acf":[],"_links":{"self":[{"href":"https:\/\/www.nuovimecenati.org\/fr\/wp-json\/wp\/v2\/pages\/330","targetHints":{"allow":["GET"]}}],"collection":[{"href":"https:\/\/www.nuovimecenati.org\/fr\/wp-json\/wp\/v2\/pages"}],"about":[{"href":"https:\/\/www.nuovimecenati.org\/fr\/wp-json\/wp\/v2\/types\/page"}],"author":[{"embeddable":true,"href":"https:\/\/www.nuovimecenati.org\/fr\/wp-json\/wp\/v2\/users\/18"}],"replies":[{"embeddable":true,"href":"https:\/\/www.nuovimecenati.org\/fr\/wp-json\/wp\/v2\/comments?post=330"}],"version-history":[{"count":0,"href":"https:\/\/www.nuovimecenati.org\/fr\/wp-json\/wp\/v2\/pages\/330\/revisions"}],"wp:attachment":[{"href":"https:\/\/www.nuovimecenati.org\/fr\/wp-json\/wp\/v2\/media?parent=330"}],"curies":[{"name":"wp","href":"https:\/\/api.w.org\/{rel}","templated":true}]}}